{"id":492,"date":"2022-07-22T06:44:26","date_gmt":"2022-07-22T06:44:26","guid":{"rendered":"https:\/\/az-elektro-baumgart.de\/?page_id=492"},"modified":"2022-07-22T06:44:26","modified_gmt":"2022-07-22T06:44:26","slug":"das-versteht-man-unter-einem-kurzschluss","status":"publish","type":"page","link":"https:\/\/az-elektro-baumgart.de\/en\/das-versteht-man-unter-einem-kurzschluss\/","title":{"rendered":"Das versteht man unter einem Kurzschluss"},"content":{"rendered":"<h2 class=\"wp-block-heading\">Das versteht man unter einem Kurzschluss<\/h2>\n\n\n\n<p>Beispielsweise stellt eine Batterie eine Spannungsquelle dar. Zwischen dem Plus-Pol und Minus-Pol sitzt in der Regel ein Verbraucher, z.B. eine Lampe, die per Schalter ein- oder ausgeschaltet wird. Wenn der Verbraucher fehlt und die beiden Pole miteinander verbunden werden, kommt es zu einem Kurzschluss. Da in diesem Moment enorm viel Strom flie\u00dft, kann das zu einer erheblichen \u00dcberhitzung mit Zerst\u00f6rungen f\u00fchren.<\/p>\n\n\n\n<h3 class=\"wp-block-heading\">Sicherungen gegen Berlin Kurzschluss<\/h3>\n\n\n\n<p>Nicht immer liegt die Ursache eines Kurschlusses an einem elektrischen Ger\u00e4t oder einer \u00dcberlastung des Stromnetzes. Sollte eine Stromleitung besch\u00e4digt sein, ist die Zuhilfenahme von Fachm\u00e4nnern zu empfehlen. Gerne \u00fcbernimmt das kompetente Team von der A-Z Elektro GmbH die Reparatur. Generell werden zur Vermeidung von Kurzschl\u00fcssen Sicherungen eingebaut.<\/p>\n\n\n\n<h3 class=\"wp-block-heading\">Schmelzsicherung<\/h3>\n\n\n\n<p>Im Verlauf des Stromkreises befindet sich eine spezielle Stelle im Stromkreis, die bei zu starkem Strom schnell durchbrennt. Auf diese Weise kann kein Verbraucher wie TV-Ger\u00e4t oder Lampe besch\u00e4digt werden. Wenn diese Schmelzsicherung durchgebrannt ist, muss sie erneuert werden.<\/p>\n\n\n\n<h3 class=\"wp-block-heading\">Magnetsicherung<\/h3>\n\n\n\n<p>Wenn im Stromkreis ein zu starker Strom flie\u00dft, bewirkt die Magnetsicherung das Umlegen eines Schalters. Der Stromkreis ist dadurch sofort unterbrochen. Die Sicherung muss nicht ersetzt werden, denn manuell l\u00e4sst sich der Schalter einfach wieder in die andere Richtung bewegen. Das ist sehr vorteilhaft und spart die Kosten f\u00fcr eine neue Sicherung.<\/p>\n\n\n\n<h3 class=\"wp-block-heading\">Kurzschluss in Berlin legt Ampeln lahm<\/h3>\n\n\n\n<p>Im Mai dieses Jahres sorgte ein Stromausfall f\u00fcr die Lahmlegung von circa 100 Ampeln im Stadtgebiet. Nach rund drei Stunden konnten die Ampeln wieder ordnungsgem\u00e4\u00df in Betrieb genommen werden. Das Unternehmen Stromnetz Berlin macht einen Kurzschluss im 110-Kilovolt-Netz der Stadt daf\u00fcr verantwortlich. Nur wenige Millisekunden reichten aus, um die Ampeln au\u00dfer Betrieb zu setzen.<\/p>\n\n\n\n<h3 class=\"wp-block-heading\">Kurzschluss in Berlin feststellen<\/h3>\n\n\n\n<p>Als Laie ist es oft schwer zu unterscheiden, ob es sich nur um einen Stromausfall handelt. M\u00f6glich w\u00e4re auch eine Unterbrechung der Stromzufuhr wegen Elektrik-Arbeiten im Haus oder auf der Stra\u00dfe. \u00dcblicherweise werden diese allerdings angek\u00fcndigt. Wenn sich die Sicherung nicht wieder eindrehen l\u00e4sst oder sofort wieder herausspringt, liegt wahrscheinlich ein Kurzschluss vor.<\/p>\n\n\n\n<h3 class=\"wp-block-heading\">Verzichten Sie auf Experimente<\/h3>\n\n\n\n<p>Wenn Sie nicht vom Fach sind, sollten Sie keine Experimente durchf\u00fchren. Allerdings k\u00f6nnen Sie dar\u00fcber nachdenken, welche elektrischen Ger\u00e4te im Moment des Stromausfalls mit dem Stromnetz verbunden waren. M\u00f6glicherweise bringt Sie der verschmorte Geruch zu der Ursache. Vermeiden Sie unn\u00f6tige Risiken und Verletzungsgefahren durch mangelnde Fachkenntnisse.<\/p>\n\n\n\n<h3 class=\"wp-block-heading\">\u00dcberlassen Sie die Arbeit den Experten<\/h3>\n\n\n\n<p>Vertrauen Sie bei einem Kurzschluss dem erfahrenen Team von der A-Z Elektro GmbH, die \u00fcber eine BEWAG Konzession verf\u00fcgen und im Installateur-Verzeichnis eingetragen sind. Wir informieren Sie verst\u00e4ndlich \u00fcber einen Kurzschluss in Berlin und zeigen Ihnen L\u00f6sungsm\u00f6glichkeiten auf. Wenn Sie uns mit dieser Aufgabe Ihr Vertrauen schenken, sch\u00fctzen Sie unter Umst\u00e4nden Ihre Gesundheit.<\/p>\n\n\n\n<h3 class=\"wp-block-heading\">Die Rechtslage bei einem Berliner Kurzschluss<\/h3>\n\n\n\n<p>Wen Sie als Laie einen Kurzschluss in Berlin selbst reparieren m\u00f6chten und sich dabei verletzen oder einen Sachschaden verursachen, kann das Folgen f\u00fcr Sie haben. M\u00f6glicherweise gef\u00e4hrden Sie Ihren Versicherungsschutz und eventuell kann die Polizei ins Spiel kommen. Lassen Sie die Finger von dieser Ihnen unbekannten Thematik und \u00fcberlassen Sie die fachm\u00e4nnische Reparatur dem kompetenten Team der A-Z Elektro GmbH. <strong><em>Vereinbaren Sie einen Termin mit uns!<\/em><\/strong><\/p>","protected":false},"excerpt":{"rendered":"<p>Das versteht man unter einem Kurzschluss Beispielsweise stellt eine Batterie eine Spannungsquelle dar. Zwischen dem Plus-Pol und Minus-Pol sitzt in der Regel ein Verbraucher, z.B. eine Lampe, die per Schalter ein- oder ausgeschaltet wird. Wenn der Verbraucher fehlt und die beiden Pole miteinander verbunden werden, kommt es zu einem Kurzschluss. [&hellip;]<\/p>","protected":false},"author":2,"featured_media":0,"parent":0,"menu_order":0,"comment_status":"closed","ping_status":"closed","template":"","meta":{"footnotes":""},"class_list":["post-492","page","type-page","status-publish","hentry"],"yoast_head":"<!-- This site is optimized with the Yoast SEO plugin v19.12 - https:\/\/yoast.com\/wordpress\/plugins\/seo\/ -->\n<title>Das versteht man unter einem Kurzschluss - A-Z Elektro<\/title>\n<meta name=\"robots\" content=\"index, follow, max-snippet:-1, max-image-preview:large, max-video-preview:-1\" \/>\n<link rel=\"canonical\" href=\"https:\/\/az-elektro-baumgart.de\/en\/das-versteht-man-unter-einem-kurzschluss\/\" \/>\n<meta property=\"og:locale\" content=\"en_US\" \/>\n<meta property=\"og:type\" content=\"article\" \/>\n<meta property=\"og:title\" content=\"Das versteht man unter einem Kurzschluss - A-Z Elektro\" \/>\n<meta property=\"og:description\" content=\"Das versteht man unter einem Kurzschluss Beispielsweise stellt eine Batterie eine Spannungsquelle dar. Zwischen dem Plus-Pol und Minus-Pol sitzt in der Regel ein Verbraucher, z.B. eine Lampe, die per Schalter ein- oder ausgeschaltet wird. Wenn der Verbraucher fehlt und die beiden Pole miteinander verbunden werden, kommt es zu einem Kurzschluss. [&hellip;]\" \/>\n<meta property=\"og:url\" content=\"https:\/\/az-elektro-baumgart.de\/en\/das-versteht-man-unter-einem-kurzschluss\/\" \/>\n<meta property=\"og:site_name\" content=\"A-Z Elektro\" \/>\n<meta name=\"twitter:card\" content=\"summary_large_image\" \/>\n<meta name=\"twitter:label1\" content=\"Est. reading time\" \/>\n\t<meta name=\"twitter:data1\" content=\"3 minutes\" \/>\n<script type=\"application\/ld+json\" class=\"yoast-schema-graph\">{\"@context\":\"https:\/\/schema.org\",\"@graph\":[{\"@type\":\"WebPage\",\"@id\":\"https:\/\/az-elektro-baumgart.de\/das-versteht-man-unter-einem-kurzschluss\/\",\"url\":\"https:\/\/az-elektro-baumgart.de\/das-versteht-man-unter-einem-kurzschluss\/\",\"name\":\"Das versteht man unter einem Kurzschluss - A-Z Elektro\",\"isPartOf\":{\"@id\":\"https:\/\/az-elektro-baumgart.de\/#website\"},\"datePublished\":\"2022-07-22T06:44:26+00:00\",\"dateModified\":\"2022-07-22T06:44:26+00:00\",\"breadcrumb\":{\"@id\":\"https:\/\/az-elektro-baumgart.de\/das-versteht-man-unter-einem-kurzschluss\/#breadcrumb\"},\"inLanguage\":\"en-US\",\"potentialAction\":[{\"@type\":\"ReadAction\",\"target\":[\"https:\/\/az-elektro-baumgart.de\/das-versteht-man-unter-einem-kurzschluss\/\"]}]},{\"@type\":\"BreadcrumbList\",\"@id\":\"https:\/\/az-elektro-baumgart.de\/das-versteht-man-unter-einem-kurzschluss\/#breadcrumb\",\"itemListElement\":[{\"@type\":\"ListItem\",\"position\":1,\"name\":\"Startseite\",\"item\":\"https:\/\/az-elektro-baumgart.de\/\"},{\"@type\":\"ListItem\",\"position\":2,\"name\":\"Das versteht man unter einem Kurzschluss\"}]},{\"@type\":\"WebSite\",\"@id\":\"https:\/\/az-elektro-baumgart.de\/#website\",\"url\":\"https:\/\/az-elektro-baumgart.de\/\",\"name\":\"A-Z Elektro\",\"description\":\"Ihr Meisterbetrieb in Berlin\",\"publisher\":{\"@id\":\"https:\/\/az-elektro-baumgart.de\/#organization\"},\"potentialAction\":[{\"@type\":\"SearchAction\",\"target\":{\"@type\":\"EntryPoint\",\"urlTemplate\":\"https:\/\/az-elektro-baumgart.de\/?s={search_term_string}\"},\"query-input\":\"required name=search_term_string\"}],\"inLanguage\":\"en-US\"},{\"@type\":\"Organization\",\"@id\":\"https:\/\/az-elektro-baumgart.de\/#organization\",\"name\":\"A-Z Elektro GmbH\",\"url\":\"https:\/\/az-elektro-baumgart.de\/\",\"logo\":{\"@type\":\"ImageObject\",\"inLanguage\":\"en-US\",\"@id\":\"https:\/\/az-elektro-baumgart.de\/#\/schema\/logo\/image\/\",\"url\":\"https:\/\/az-e.hosting142194.a2e19.netcup.net\/wp-content\/uploads\/2021\/05\/cropped-Web-PNG-1-1.png\",\"contentUrl\":\"https:\/\/az-e.hosting142194.a2e19.netcup.net\/wp-content\/uploads\/2021\/05\/cropped-Web-PNG-1-1.png\",\"width\":2000,\"height\":288,\"caption\":\"A-Z Elektro GmbH\"},\"image\":{\"@id\":\"https:\/\/az-elektro-baumgart.de\/#\/schema\/logo\/image\/\"}}]}<\/script>\n<!-- \/ Yoast SEO plugin. -->","yoast_head_json":{"title":"Das versteht man unter einem Kurzschluss - A-Z Elektro","robots":{"index":"index","follow":"follow","max-snippet":"max-snippet:-1","max-image-preview":"max-image-preview:large","max-video-preview":"max-video-preview:-1"},"canonical":"https:\/\/az-elektro-baumgart.de\/en\/das-versteht-man-unter-einem-kurzschluss\/","og_locale":"en_US","og_type":"article","og_title":"Das versteht man unter einem Kurzschluss - A-Z Elektro","og_description":"Das versteht man unter einem Kurzschluss Beispielsweise stellt eine Batterie eine Spannungsquelle dar. Zwischen dem Plus-Pol und Minus-Pol sitzt in der Regel ein Verbraucher, z.B. eine Lampe, die per Schalter ein- oder ausgeschaltet wird. Wenn der Verbraucher fehlt und die beiden Pole miteinander verbunden werden, kommt es zu einem Kurzschluss. [&hellip;]","og_url":"https:\/\/az-elektro-baumgart.de\/en\/das-versteht-man-unter-einem-kurzschluss\/","og_site_name":"A-Z Elektro","twitter_card":"summary_large_image","twitter_misc":{"Est. reading time":"3 minutes"},"schema":{"@context":"https:\/\/schema.org","@graph":[{"@type":"WebPage","@id":"https:\/\/az-elektro-baumgart.de\/das-versteht-man-unter-einem-kurzschluss\/","url":"https:\/\/az-elektro-baumgart.de\/das-versteht-man-unter-einem-kurzschluss\/","name":"Das versteht man unter einem Kurzschluss - A-Z Elektro","isPartOf":{"@id":"https:\/\/az-elektro-baumgart.de\/#website"},"datePublished":"2022-07-22T06:44:26+00:00","dateModified":"2022-07-22T06:44:26+00:00","breadcrumb":{"@id":"https:\/\/az-elektro-baumgart.de\/das-versteht-man-unter-einem-kurzschluss\/#breadcrumb"},"inLanguage":"en-US","potentialAction":[{"@type":"ReadAction","target":["https:\/\/az-elektro-baumgart.de\/das-versteht-man-unter-einem-kurzschluss\/"]}]},{"@type":"BreadcrumbList","@id":"https:\/\/az-elektro-baumgart.de\/das-versteht-man-unter-einem-kurzschluss\/#breadcrumb","itemListElement":[{"@type":"ListItem","position":1,"name":"Startseite","item":"https:\/\/az-elektro-baumgart.de\/"},{"@type":"ListItem","position":2,"name":"Das versteht man unter einem Kurzschluss"}]},{"@type":"WebSite","@id":"https:\/\/az-elektro-baumgart.de\/#website","url":"https:\/\/az-elektro-baumgart.de\/","name":"A-Z Elektro","description":"Ihr Meisterbetrieb in Berlin","publisher":{"@id":"https:\/\/az-elektro-baumgart.de\/#organization"},"potentialAction":[{"@type":"SearchAction","target":{"@type":"EntryPoint","urlTemplate":"https:\/\/az-elektro-baumgart.de\/?s={search_term_string}"},"query-input":"required name=search_term_string"}],"inLanguage":"en-US"},{"@type":"Organization","@id":"https:\/\/az-elektro-baumgart.de\/#organization","name":"A-Z Elektro GmbH","url":"https:\/\/az-elektro-baumgart.de\/","logo":{"@type":"ImageObject","inLanguage":"en-US","@id":"https:\/\/az-elektro-baumgart.de\/#\/schema\/logo\/image\/","url":"https:\/\/az-e.hosting142194.a2e19.netcup.net\/wp-content\/uploads\/2021\/05\/cropped-Web-PNG-1-1.png","contentUrl":"https:\/\/az-e.hosting142194.a2e19.netcup.net\/wp-content\/uploads\/2021\/05\/cropped-Web-PNG-1-1.png","width":2000,"height":288,"caption":"A-Z Elektro GmbH"},"image":{"@id":"https:\/\/az-elektro-baumgart.de\/#\/schema\/logo\/image\/"}}]}},"_links":{"self":[{"href":"https:\/\/az-elektro-baumgart.de\/en\/wp-json\/wp\/v2\/pages\/492","targetHints":{"allow":["GET"]}}],"collection":[{"href":"https:\/\/az-elektro-baumgart.de\/en\/wp-json\/wp\/v2\/pages"}],"about":[{"href":"https:\/\/az-elektro-baumgart.de\/en\/wp-json\/wp\/v2\/types\/page"}],"author":[{"embeddable":true,"href":"https:\/\/az-elektro-baumgart.de\/en\/wp-json\/wp\/v2\/users\/2"}],"replies":[{"embeddable":true,"href":"https:\/\/az-elektro-baumgart.de\/en\/wp-json\/wp\/v2\/comments?post=492"}],"version-history":[{"count":1,"href":"https:\/\/az-elektro-baumgart.de\/en\/wp-json\/wp\/v2\/pages\/492\/revisions"}],"predecessor-version":[{"id":493,"href":"https:\/\/az-elektro-baumgart.de\/en\/wp-json\/wp\/v2\/pages\/492\/revisions\/493"}],"wp:attachment":[{"href":"https:\/\/az-elektro-baumgart.de\/en\/wp-json\/wp\/v2\/media?parent=492"}],"curies":[{"name":"wp","href":"https:\/\/api.w.org\/{rel}","templated":true}]}}