{"id":486,"date":"2022-07-21T14:14:47","date_gmt":"2022-07-21T14:14:47","guid":{"rendered":"https:\/\/az-elektro-baumgart.de\/?page_id=486"},"modified":"2022-07-21T14:14:48","modified_gmt":"2022-07-21T14:14:48","slug":"zaehler-in-berlin","status":"publish","type":"page","link":"https:\/\/az-elektro-baumgart.de\/de\/zaehler-in-berlin\/","title":{"rendered":"Z\u00e4hler in Berlin"},"content":{"rendered":"\n<h2 class=\"wp-block-heading\">Z\u00e4hler in Berlin &#8211; Wir k\u00fcmmern uns darum<\/h2>\n\n\n\n<p>Immer wieder muss einmal ein Z\u00e4hler eingebaut, demontiert oder einfach nur ausgetauscht werden. Ihr kompetenter Partner, die A-Z Elektro GmbH, ist mit einer BEWAG Konzession ausgestattet und ist im zugelassenen Installateur-Verzeichnis gelistet. Vor Ort wird ein erfahrener und eingetragener Installateur f\u00fcr Sie t\u00e4tig werden. Gerne \u00fcbernimmt dieser auch weitere Arbeiten oder Installationen an Ihrer elektrischen Anlage.<\/p>\n\n\n\n<h3 class=\"wp-block-heading\">Bereitstellung eines Z\u00e4hlers<\/h3>\n\n\n\n<p>Generell darf in Ihrer Wohnung, Ihrem Haus oder an jeder Entnahmestelle nur von einem zugelassenen Installateur ein Z\u00e4hler installiert werden. Selbstverst\u00e4ndlich \u00fcbernimmt er auch die notwendigen Vorbereitungsarbeiten oder empfiehlt einen idealen Platz.<\/p>\n\n\n\n<h3 class=\"wp-block-heading\">Demontage eines Z\u00e4hlers<\/h3>\n\n\n\n<p>Die Demontage f\u00fcr einen Z\u00e4hler in Berlin darf ebenfalls nur durch einen zugelassenen Installateur erfolgen. Gerne steht Ihr zuverl\u00e4ssiger Partner von der A-Z Elektro GmbH zur Kl\u00e4rung von diversen Fragen zur Verf\u00fcgung. Oft m\u00fcssen die Vertrags- und Leistungsbestandteile der Dienstleistung gekl\u00e4rt werden. Darunter f\u00e4llt beispielsweise die Verrechnung der anfallenden Kosten bei der Demontage.<\/p>\n\n\n\n<h3 class=\"wp-block-heading\">So funktioniert der Z\u00e4hlertausch<\/h3>\n\n\n\n<p>M\u00f6chten Sie Ihren Wechselstromz\u00e4hler gegen einen Drehstromz\u00e4hler wechseln? Kommt f\u00fcr Sie ein Wechsel von einem \u00fcblichen elektromechanischen Z\u00e4hler zu einem modernen elektronischen Z\u00e4hler infrage? Wir empfehlen auch hier eine rechtzeitige Kl\u00e4rung der Kostenfrage.<\/p>\n\n\n\n<h3 class=\"wp-block-heading\">Andere Gr\u00fcnde f\u00fcr einen Wechsel<\/h3>\n\n\n\n<p>M\u00f6glicherweise ist die Einsatzzeit des Z\u00e4hlers erreicht oder er wurde f\u00fcr eine Verl\u00e4ngerung der Eichfrist ausgew\u00e4hlt. In der Regel wird ein Wechsel rechtzeitig schriftlich angek\u00fcndigt und zeitnah ein Termin mit Ihnen vereinbart. Sollte der Zugang zu dem Z\u00e4hler in Berlin z.B. im Treppenaufgang oder im Keller frei zug\u00e4nglich sein, ist Ihre Anwesenheit nicht erforderlich.<\/p>\n\n\n\n<h3 class=\"wp-block-heading\">Stromunterbrechung l\u00e4sst sich nicht vermeiden<\/h3>\n\n\n\n<p>Wenn in Berlin ein Z\u00e4hler gewechselt wird, kommt es zu einer Stromunterbrechung f\u00fcr ungef\u00e4hr 15 Minuten. Damit Ihre empfindlichen elektronische Ger\u00e4te nicht besch\u00e4digt werden, empfehlen wir von der A-Z Elektro GmbH eine kurze Trennung vom Stromnetz. Nach dem Abschluss des Wechsels l\u00e4sst man Ihnen eine Informationskarte mit der Z\u00e4hlernummer des alten und neuen Z\u00e4hlers mit entsprechendem Stand zukommen.<\/p>\n\n\n\n<h3 class=\"wp-block-heading\">Digitale Z\u00e4hler in Berlin<\/h3>\n\n\n\n<p>Ab 2017 wurden herk\u00f6mmliche Messger\u00e4te kostenlos durch moderne und intelligente Messeinrichtungen ersetzt. Sch\u00e4tzungsweise ist der Austausch der ca. 2,3 Mio. Ger\u00e4te bis 2032 abgeschlossen. Diese Ma\u00dfnahme bringt Ihnen als Kunde mehr \u00dcberblick beim Stromverbrauch.<br>Die digitale Messeinrichtung registriert Ihren Stromverbrauch und speichert ihn \u00fcber 24 Monate auf den Tag genau ab.<\/p>\n\n\n\n<h3 class=\"wp-block-heading\">So funktioniert das Messsystem<\/h3>\n\n\n\n<p>Der intelligente und digitale Berliner Z\u00e4hler verf\u00fcgt \u00fcber eine Kommunikationseinheit, dem sogenannten Smart-Meter-Gateway. Damit lassen sich alle Verbrauchsdaten regelm\u00e4\u00dfig aus der Ferne auslesen. Berechtigten Marktteilnehmern wie z.B. dem Messstellenbetreiber, Verteilungs- und \u00dcbertragungsnetzbetreiber oder dem Stromlieferant l\u00e4sst man diese Daten zukommen.<\/p>\n\n\n\n<h3 class=\"wp-block-heading\">Wir m\u00f6chten Ihr fairer Partner sein<\/h3>\n\n\n\n<p>Wenn es um Elektroinstallationen, Anlagenbau, E-Mobilit\u00e4t oder Netzwerk- und Sicherheitstechnik geht, sind Sie bei uns richtig. Als zertifizierter Meisterbetrieb decken wir fast alles ab, was mit dem Thema Elektronik zu tun hat. Haben Sie Fragen zur Leuchttechnik oder m\u00f6chten sich ein Smart-Home einrichten? Auf uns ist Verlass.<br><br>Gerne beraten wir Sie in einem pers\u00f6nlichen Gespr\u00e4ch ausf\u00fchrlich. Lassen Sie uns Ihr zuverl\u00e4ssiger und kompetenter Partner sein, wenn es um Themen rund um Elektroinstallationen oder \u00e4hnliches geht. <strong><em>Kontaktieren Sie uns. Wir freuen uns auf Sie!<\/em><\/strong><\/p>\n","protected":false},"excerpt":{"rendered":"<p>Z\u00e4hler in Berlin &#8211; Wir k\u00fcmmern uns darum Immer wieder muss einmal ein Z\u00e4hler eingebaut, demontiert oder einfach nur ausgetauscht werden. Ihr kompetenter Partner, die A-Z Elektro GmbH, ist mit einer BEWAG Konzession ausgestattet und ist im zugelassenen Installateur-Verzeichnis gelistet. Vor Ort wird ein erfahrener und eingetragener Installateur f\u00fcr Sie [&hellip;]<\/p>\n","protected":false},"author":2,"featured_media":0,"parent":0,"menu_order":0,"comment_status":"closed","ping_status":"closed","template":"","meta":{"footnotes":""},"class_list":["post-486","page","type-page","status-publish","hentry"],"yoast_head":"<!-- This site is optimized with the Yoast SEO plugin v19.12 - https:\/\/yoast.com\/wordpress\/plugins\/seo\/ -->\n<title>Z\u00e4hler in Berlin - A-Z Elektro<\/title>\n<meta name=\"robots\" content=\"index, follow, max-snippet:-1, max-image-preview:large, max-video-preview:-1\" \/>\n<link rel=\"canonical\" href=\"https:\/\/az-elektro-baumgart.de\/de\/zaehler-in-berlin\/\" \/>\n<meta property=\"og:locale\" content=\"de_DE\" \/>\n<meta property=\"og:type\" content=\"article\" \/>\n<meta property=\"og:title\" content=\"Z\u00e4hler in Berlin - A-Z Elektro\" \/>\n<meta property=\"og:description\" content=\"Z\u00e4hler in Berlin &#8211; Wir k\u00fcmmern uns darum Immer wieder muss einmal ein Z\u00e4hler eingebaut, demontiert oder einfach nur ausgetauscht werden. Ihr kompetenter Partner, die A-Z Elektro GmbH, ist mit einer BEWAG Konzession ausgestattet und ist im zugelassenen Installateur-Verzeichnis gelistet. Vor Ort wird ein erfahrener und eingetragener Installateur f\u00fcr Sie [&hellip;]\" \/>\n<meta property=\"og:url\" content=\"https:\/\/az-elektro-baumgart.de\/de\/zaehler-in-berlin\/\" \/>\n<meta property=\"og:site_name\" content=\"A-Z Elektro\" \/>\n<meta property=\"article:modified_time\" content=\"2022-07-21T14:14:48+00:00\" \/>\n<meta name=\"twitter:card\" content=\"summary_large_image\" \/>\n<meta name=\"twitter:label1\" content=\"Gesch\u00e4tzte Lesezeit\" \/>\n\t<meta name=\"twitter:data1\" content=\"3\u00a0Minuten\" \/>\n<script type=\"application\/ld+json\" class=\"yoast-schema-graph\">{\"@context\":\"https:\/\/schema.org\",\"@graph\":[{\"@type\":\"WebPage\",\"@id\":\"https:\/\/az-elektro-baumgart.de\/zaehler-in-berlin\/\",\"url\":\"https:\/\/az-elektro-baumgart.de\/zaehler-in-berlin\/\",\"name\":\"Z\u00e4hler in Berlin - A-Z Elektro\",\"isPartOf\":{\"@id\":\"https:\/\/az-elektro-baumgart.de\/#website\"},\"datePublished\":\"2022-07-21T14:14:47+00:00\",\"dateModified\":\"2022-07-21T14:14:48+00:00\",\"breadcrumb\":{\"@id\":\"https:\/\/az-elektro-baumgart.de\/zaehler-in-berlin\/#breadcrumb\"},\"inLanguage\":\"de\",\"potentialAction\":[{\"@type\":\"ReadAction\",\"target\":[\"https:\/\/az-elektro-baumgart.de\/zaehler-in-berlin\/\"]}]},{\"@type\":\"BreadcrumbList\",\"@id\":\"https:\/\/az-elektro-baumgart.de\/zaehler-in-berlin\/#breadcrumb\",\"itemListElement\":[{\"@type\":\"ListItem\",\"position\":1,\"name\":\"Startseite\",\"item\":\"https:\/\/az-elektro-baumgart.de\/\"},{\"@type\":\"ListItem\",\"position\":2,\"name\":\"Z\u00e4hler in Berlin\"}]},{\"@type\":\"WebSite\",\"@id\":\"https:\/\/az-elektro-baumgart.de\/#website\",\"url\":\"https:\/\/az-elektro-baumgart.de\/\",\"name\":\"A-Z Elektro\",\"description\":\"Ihr Meisterbetrieb in Berlin\",\"publisher\":{\"@id\":\"https:\/\/az-elektro-baumgart.de\/#organization\"},\"potentialAction\":[{\"@type\":\"SearchAction\",\"target\":{\"@type\":\"EntryPoint\",\"urlTemplate\":\"https:\/\/az-elektro-baumgart.de\/?s={search_term_string}\"},\"query-input\":\"required name=search_term_string\"}],\"inLanguage\":\"de\"},{\"@type\":\"Organization\",\"@id\":\"https:\/\/az-elektro-baumgart.de\/#organization\",\"name\":\"A-Z Elektro GmbH\",\"url\":\"https:\/\/az-elektro-baumgart.de\/\",\"logo\":{\"@type\":\"ImageObject\",\"inLanguage\":\"de\",\"@id\":\"https:\/\/az-elektro-baumgart.de\/#\/schema\/logo\/image\/\",\"url\":\"https:\/\/az-e.hosting142194.a2e19.netcup.net\/wp-content\/uploads\/2021\/05\/cropped-Web-PNG-1-1.png\",\"contentUrl\":\"https:\/\/az-e.hosting142194.a2e19.netcup.net\/wp-content\/uploads\/2021\/05\/cropped-Web-PNG-1-1.png\",\"width\":2000,\"height\":288,\"caption\":\"A-Z Elektro GmbH\"},\"image\":{\"@id\":\"https:\/\/az-elektro-baumgart.de\/#\/schema\/logo\/image\/\"}}]}<\/script>\n<!-- \/ Yoast SEO plugin. -->","yoast_head_json":{"title":"Z\u00e4hler in Berlin - A-Z Elektro","robots":{"index":"index","follow":"follow","max-snippet":"max-snippet:-1","max-image-preview":"max-image-preview:large","max-video-preview":"max-video-preview:-1"},"canonical":"https:\/\/az-elektro-baumgart.de\/de\/zaehler-in-berlin\/","og_locale":"de_DE","og_type":"article","og_title":"Z\u00e4hler in Berlin - A-Z Elektro","og_description":"Z\u00e4hler in Berlin &#8211; Wir k\u00fcmmern uns darum Immer wieder muss einmal ein Z\u00e4hler eingebaut, demontiert oder einfach nur ausgetauscht werden. Ihr kompetenter Partner, die A-Z Elektro GmbH, ist mit einer BEWAG Konzession ausgestattet und ist im zugelassenen Installateur-Verzeichnis gelistet. Vor Ort wird ein erfahrener und eingetragener Installateur f\u00fcr Sie [&hellip;]","og_url":"https:\/\/az-elektro-baumgart.de\/de\/zaehler-in-berlin\/","og_site_name":"A-Z Elektro","article_modified_time":"2022-07-21T14:14:48+00:00","twitter_card":"summary_large_image","twitter_misc":{"Gesch\u00e4tzte Lesezeit":"3\u00a0Minuten"},"schema":{"@context":"https:\/\/schema.org","@graph":[{"@type":"WebPage","@id":"https:\/\/az-elektro-baumgart.de\/zaehler-in-berlin\/","url":"https:\/\/az-elektro-baumgart.de\/zaehler-in-berlin\/","name":"Z\u00e4hler in Berlin - A-Z Elektro","isPartOf":{"@id":"https:\/\/az-elektro-baumgart.de\/#website"},"datePublished":"2022-07-21T14:14:47+00:00","dateModified":"2022-07-21T14:14:48+00:00","breadcrumb":{"@id":"https:\/\/az-elektro-baumgart.de\/zaehler-in-berlin\/#breadcrumb"},"inLanguage":"de","potentialAction":[{"@type":"ReadAction","target":["https:\/\/az-elektro-baumgart.de\/zaehler-in-berlin\/"]}]},{"@type":"BreadcrumbList","@id":"https:\/\/az-elektro-baumgart.de\/zaehler-in-berlin\/#breadcrumb","itemListElement":[{"@type":"ListItem","position":1,"name":"Startseite","item":"https:\/\/az-elektro-baumgart.de\/"},{"@type":"ListItem","position":2,"name":"Z\u00e4hler in Berlin"}]},{"@type":"WebSite","@id":"https:\/\/az-elektro-baumgart.de\/#website","url":"https:\/\/az-elektro-baumgart.de\/","name":"A-Z Elektro","description":"Ihr Meisterbetrieb in Berlin","publisher":{"@id":"https:\/\/az-elektro-baumgart.de\/#organization"},"potentialAction":[{"@type":"SearchAction","target":{"@type":"EntryPoint","urlTemplate":"https:\/\/az-elektro-baumgart.de\/?s={search_term_string}"},"query-input":"required name=search_term_string"}],"inLanguage":"de"},{"@type":"Organization","@id":"https:\/\/az-elektro-baumgart.de\/#organization","name":"A-Z Elektro GmbH","url":"https:\/\/az-elektro-baumgart.de\/","logo":{"@type":"ImageObject","inLanguage":"de","@id":"https:\/\/az-elektro-baumgart.de\/#\/schema\/logo\/image\/","url":"https:\/\/az-e.hosting142194.a2e19.netcup.net\/wp-content\/uploads\/2021\/05\/cropped-Web-PNG-1-1.png","contentUrl":"https:\/\/az-e.hosting142194.a2e19.netcup.net\/wp-content\/uploads\/2021\/05\/cropped-Web-PNG-1-1.png","width":2000,"height":288,"caption":"A-Z Elektro GmbH"},"image":{"@id":"https:\/\/az-elektro-baumgart.de\/#\/schema\/logo\/image\/"}}]}},"_links":{"self":[{"href":"https:\/\/az-elektro-baumgart.de\/de\/wp-json\/wp\/v2\/pages\/486","targetHints":{"allow":["GET"]}}],"collection":[{"href":"https:\/\/az-elektro-baumgart.de\/de\/wp-json\/wp\/v2\/pages"}],"about":[{"href":"https:\/\/az-elektro-baumgart.de\/de\/wp-json\/wp\/v2\/types\/page"}],"author":[{"embeddable":true,"href":"https:\/\/az-elektro-baumgart.de\/de\/wp-json\/wp\/v2\/users\/2"}],"replies":[{"embeddable":true,"href":"https:\/\/az-elektro-baumgart.de\/de\/wp-json\/wp\/v2\/comments?post=486"}],"version-history":[{"count":1,"href":"https:\/\/az-elektro-baumgart.de\/de\/wp-json\/wp\/v2\/pages\/486\/revisions"}],"predecessor-version":[{"id":487,"href":"https:\/\/az-elektro-baumgart.de\/de\/wp-json\/wp\/v2\/pages\/486\/revisions\/487"}],"wp:attachment":[{"href":"https:\/\/az-elektro-baumgart.de\/de\/wp-json\/wp\/v2\/media?parent=486"}],"curies":[{"name":"wp","href":"https:\/\/api.w.org\/{rel}","templated":true}]}}