{"id":483,"date":"2022-07-21T14:12:14","date_gmt":"2022-07-21T14:12:14","guid":{"rendered":"https:\/\/az-elektro-baumgart.de\/?page_id=483"},"modified":"2022-07-21T14:15:27","modified_gmt":"2022-07-21T14:15:27","slug":"das-stromnetz-sicher-nutzen","status":"publish","type":"page","link":"https:\/\/az-elektro-baumgart.de\/de\/das-stromnetz-sicher-nutzen\/","title":{"rendered":"Das Stromnetz sicher nutzen"},"content":{"rendered":"\n<h2 class=\"wp-block-heading\">Das Stromnetz sicher nutzen<\/h2>\n\n\n\n<p>Das Stromnetz in <a href=\"https:\/\/az-elektro-baumgart.de\/zaehler-in-berlin\/\">Berlin<\/a> setzt sich aus den Teilnetzen Hochspannung (110 kV), Mittelspannung (10 kV) und Niederspannung (0,4 kV) zusammen. \u00dcber Umspannwerke ist es mit dem \u00dcbertragungsnetz (380 kV) verbunden. Mehr als 2,2 Millionen Berliner Haushalte, Gewerbe- und Industriekunden nutzen den Strom, der durch ungef\u00e4hr 36.000 Kilometer Kabel, \u00fcber ca. 80 Umspannwerke und mehrere tausend Netzstationen flie\u00dft.<\/p>\n\n\n\n<h3 class=\"wp-block-heading\">Jede Spannungsebene immer im Blick<\/h3>\n\n\n\n<p>Das Stromnetz findet im Rahmen des Betriebsf\u00fchrungskonzeptes Ber\u00fccksichtigung, indem eine Niederspannungsleitstelle gebildet wird. Intelligente Messsysteme ermitteln Daten, die in der zuk\u00fcnftigen Niederspannungsnetzleitstelle ausgewertet werden. Auf diese Weise k\u00f6nnen Engp\u00e4sse und St\u00f6rungen fr\u00fch erkannt und zeitnah abgestellt werden.<\/p>\n\n\n\n<h3 class=\"wp-block-heading\">Leistungen hinsichtlich Ihres Netzanschlusses<\/h3>\n\n\n\n<p>Da wir von der A-Z Elektro GmbH \u00fcber eine entsprechende Konzession verf\u00fcgen, k\u00f6nnen wir f\u00fcr Sie im Rahmen des Berliner Stromnetzes t\u00e4tig werden. Unter anderem k\u00f6nnte es sich um diese Leistungen handeln:<br><br>* Herstellung eines Netzanschlusses bis 250 A \/ 173 kVA<br><br>* Ver\u00e4nderung Ihres bereits bestehenden Netzanschlusses bis 250 A \/ 173 kVA<br>Z.B. w\u00e4re eine Standort\u00e4nderung mit einem Anschluss ins Haus oder zu Baustrom denkbar. Alternativ eine \u00c4nderung der Leistung an Ihrem vorhandenen Netzanschluss.<br><br>* Bereitstellung eines kurzzeitigen Baustromanschlusses bis 250 A \/ 173 kVA. Eine vor\u00fcbergehende Nutzung f\u00fcr die Bauphase mit anschlie\u00dfender Demontage.<br><br>* Erg\u00e4nzende Installation von Ladeeinrichtungen wie Wallboxen f\u00fcr Elektrofahrzeuge an Ihrem Netzanschluss bis 250 A \/ 173 kVA.<\/p>\n\n\n\n<h3 class=\"wp-block-heading\">Die Sonnenenergie nutzen<\/h3>\n\n\n\n<p>Unabh\u00e4ngig vom Stromnetz in Berlin k\u00f6nnten wir Ihnen eine Photovoltaik-Anlage (PV-Anlage) bis 600 VA installieren. Um die Anmeldung k\u00fcmmern sich unsere erfahrenen Installateure oder Errichter. Au\u00dferdem w\u00e4re auch die Anmeldung einer PV-Anlage zwischen einer Leistung von 30kVA bis 100kWp\/kVA (100kVA) m\u00f6glich.<\/p>\n\n\n\n<h3 class=\"wp-block-heading\">Errichtung eines neuen Anschlusses<\/h3>\n\n\n\n<p>Wenn Sie sich vorab \u00fcber den Ablauf und die Voraussetzungen zur Installation eines neuen Netzanschlusses informieren m\u00f6chten, empfehlen wir von der A-Z Elektro GmbH das BDEW-Merkblatt \u201eDer Netzanschluss\u201c. (BDEW: Bundesverband der Energie- und Wasserwirtschaft). Beispielsweise beantragen Sie bei der Stromnetz Berlin GmbH einen neuen Anschluss.<\/p>\n\n\n\n<h3 class=\"wp-block-heading\">Diese Unterlagen werden f\u00fcr einen Neuanschluss ben\u00f6tigt<\/h3>\n\n\n\n<p>Sie m\u00fcssen eine detaillierte Aufstellung der Leistungen nennen. Abh\u00e4ngig vom Bauvorhaben z. B. die Anzahl der Wohnungen oder Gewerbeeinheiten, die Art der Warmwasserbereitung oder des Gewerbes oder den speziellen Leistungsbedarf des Geb\u00e4udes.<br><br>Au\u00dferdem: Die Adressen der Baustelle und des Bauherrn. Ggf. die Adressen, die das Kostenangebot, den Lageplan mit Kellergrundriss und den erw\u00fcnschten Hausanschluss an das Stromnetz erhalten sollen.<\/p>\n\n\n\n<h3 class=\"wp-block-heading\">\u00c4nderungen an einem bestehenden Anschluss<\/h3>\n\n\n\n<p>M\u00f6glicherweise m\u00f6chten Sie Ihren bereits bestehenden Anschluss versetzen, die Leistung erh\u00f6hen oder Ihren Anschluss sogar demontieren. In diesen F\u00e4llen sind ebenfalls die entsprechenden Adressen und Lagepl\u00e4ne mit der geplanten Lage des Hausanschlusses erforderlich. Sollten Ihnen das Stromnetz in Berlin keine ausreichende Leistung bieten und Sie m\u00f6chten erh\u00f6hen, wird ebenfalls eine exakte Leistungsaufstellung verlangt. Im Einzelnen h\u00e4ngt sie von dem jeweiligen Bauvorhaben ab.<\/p>\n\n\n\n<h3 class=\"wp-block-heading\">Zuverl\u00e4ssigkeit und Kompetenz f\u00fcr das Berlin Stromnetz<\/h3>\n\n\n\n<p>Die A-Z Elektro GmbH kann Ihnen als zertifiziertem Meisterbetrieb viele Leistungen rund um das Stromnetz in Berlin anbieten. Beispielsweise eine Basis-Elektroinstallation in Ihrer Immobilie oder umfangreiche Beleuchtungs- und Elektrokonzepte. Da wir in das Installateur Verzeichnis der BEWAG aufgenommen wurden und auch \u00fcber eine entsprechende Konzession verf\u00fcgen, k\u00f6nnen Sie uns jederzeit beauftragen. Wir m\u00f6chten Ihr zuverl\u00e4ssiger und kompetenter Partner an Ihrer Seite sein. <strong><em>Rufen Sie einfach mal an!<\/em><\/strong><\/p>\n","protected":false},"excerpt":{"rendered":"<p>Das Stromnetz sicher nutzen Das Stromnetz in Berlin setzt sich aus den Teilnetzen Hochspannung (110 kV), Mittelspannung (10 kV) und Niederspannung (0,4 kV) zusammen. \u00dcber Umspannwerke ist es mit dem \u00dcbertragungsnetz (380 kV) verbunden. Mehr als 2,2 Millionen Berliner Haushalte, Gewerbe- und Industriekunden nutzen den Strom, der durch ungef\u00e4hr 36.000 [&hellip;]<\/p>\n","protected":false},"author":2,"featured_media":0,"parent":0,"menu_order":0,"comment_status":"closed","ping_status":"closed","template":"","meta":{"footnotes":""},"class_list":["post-483","page","type-page","status-publish","hentry"],"yoast_head":"<!-- This site is optimized with the Yoast SEO plugin v19.12 - https:\/\/yoast.com\/wordpress\/plugins\/seo\/ -->\n<title>Das Stromnetz sicher nutzen - A-Z Elektro<\/title>\n<meta name=\"robots\" content=\"index, follow, max-snippet:-1, max-image-preview:large, max-video-preview:-1\" \/>\n<link rel=\"canonical\" href=\"https:\/\/az-elektro-baumgart.de\/de\/das-stromnetz-sicher-nutzen\/\" \/>\n<meta property=\"og:locale\" content=\"de_DE\" \/>\n<meta property=\"og:type\" content=\"article\" \/>\n<meta property=\"og:title\" content=\"Das Stromnetz sicher nutzen - A-Z Elektro\" \/>\n<meta property=\"og:description\" content=\"Das Stromnetz sicher nutzen Das Stromnetz in Berlin setzt sich aus den Teilnetzen Hochspannung (110 kV), Mittelspannung (10 kV) und Niederspannung (0,4 kV) zusammen. \u00dcber Umspannwerke ist es mit dem \u00dcbertragungsnetz (380 kV) verbunden. Mehr als 2,2 Millionen Berliner Haushalte, Gewerbe- und Industriekunden nutzen den Strom, der durch ungef\u00e4hr 36.000 [&hellip;]\" \/>\n<meta property=\"og:url\" content=\"https:\/\/az-elektro-baumgart.de\/de\/das-stromnetz-sicher-nutzen\/\" \/>\n<meta property=\"og:site_name\" content=\"A-Z Elektro\" \/>\n<meta property=\"article:modified_time\" content=\"2022-07-21T14:15:27+00:00\" \/>\n<meta name=\"twitter:card\" content=\"summary_large_image\" \/>\n<meta name=\"twitter:label1\" content=\"Gesch\u00e4tzte Lesezeit\" \/>\n\t<meta name=\"twitter:data1\" content=\"3\u00a0Minuten\" \/>\n<script type=\"application\/ld+json\" class=\"yoast-schema-graph\">{\"@context\":\"https:\/\/schema.org\",\"@graph\":[{\"@type\":\"WebPage\",\"@id\":\"https:\/\/az-elektro-baumgart.de\/das-stromnetz-sicher-nutzen\/\",\"url\":\"https:\/\/az-elektro-baumgart.de\/das-stromnetz-sicher-nutzen\/\",\"name\":\"Das Stromnetz sicher nutzen - A-Z Elektro\",\"isPartOf\":{\"@id\":\"https:\/\/az-elektro-baumgart.de\/#website\"},\"datePublished\":\"2022-07-21T14:12:14+00:00\",\"dateModified\":\"2022-07-21T14:15:27+00:00\",\"breadcrumb\":{\"@id\":\"https:\/\/az-elektro-baumgart.de\/das-stromnetz-sicher-nutzen\/#breadcrumb\"},\"inLanguage\":\"de\",\"potentialAction\":[{\"@type\":\"ReadAction\",\"target\":[\"https:\/\/az-elektro-baumgart.de\/das-stromnetz-sicher-nutzen\/\"]}]},{\"@type\":\"BreadcrumbList\",\"@id\":\"https:\/\/az-elektro-baumgart.de\/das-stromnetz-sicher-nutzen\/#breadcrumb\",\"itemListElement\":[{\"@type\":\"ListItem\",\"position\":1,\"name\":\"Startseite\",\"item\":\"https:\/\/az-elektro-baumgart.de\/\"},{\"@type\":\"ListItem\",\"position\":2,\"name\":\"Das Stromnetz sicher nutzen\"}]},{\"@type\":\"WebSite\",\"@id\":\"https:\/\/az-elektro-baumgart.de\/#website\",\"url\":\"https:\/\/az-elektro-baumgart.de\/\",\"name\":\"A-Z Elektro\",\"description\":\"Ihr Meisterbetrieb in Berlin\",\"publisher\":{\"@id\":\"https:\/\/az-elektro-baumgart.de\/#organization\"},\"potentialAction\":[{\"@type\":\"SearchAction\",\"target\":{\"@type\":\"EntryPoint\",\"urlTemplate\":\"https:\/\/az-elektro-baumgart.de\/?s={search_term_string}\"},\"query-input\":\"required name=search_term_string\"}],\"inLanguage\":\"de\"},{\"@type\":\"Organization\",\"@id\":\"https:\/\/az-elektro-baumgart.de\/#organization\",\"name\":\"A-Z Elektro GmbH\",\"url\":\"https:\/\/az-elektro-baumgart.de\/\",\"logo\":{\"@type\":\"ImageObject\",\"inLanguage\":\"de\",\"@id\":\"https:\/\/az-elektro-baumgart.de\/#\/schema\/logo\/image\/\",\"url\":\"https:\/\/az-e.hosting142194.a2e19.netcup.net\/wp-content\/uploads\/2021\/05\/cropped-Web-PNG-1-1.png\",\"contentUrl\":\"https:\/\/az-e.hosting142194.a2e19.netcup.net\/wp-content\/uploads\/2021\/05\/cropped-Web-PNG-1-1.png\",\"width\":2000,\"height\":288,\"caption\":\"A-Z Elektro GmbH\"},\"image\":{\"@id\":\"https:\/\/az-elektro-baumgart.de\/#\/schema\/logo\/image\/\"}}]}<\/script>\n<!-- \/ Yoast SEO plugin. -->","yoast_head_json":{"title":"Das Stromnetz sicher nutzen - A-Z Elektro","robots":{"index":"index","follow":"follow","max-snippet":"max-snippet:-1","max-image-preview":"max-image-preview:large","max-video-preview":"max-video-preview:-1"},"canonical":"https:\/\/az-elektro-baumgart.de\/de\/das-stromnetz-sicher-nutzen\/","og_locale":"de_DE","og_type":"article","og_title":"Das Stromnetz sicher nutzen - A-Z Elektro","og_description":"Das Stromnetz sicher nutzen Das Stromnetz in Berlin setzt sich aus den Teilnetzen Hochspannung (110 kV), Mittelspannung (10 kV) und Niederspannung (0,4 kV) zusammen. \u00dcber Umspannwerke ist es mit dem \u00dcbertragungsnetz (380 kV) verbunden. Mehr als 2,2 Millionen Berliner Haushalte, Gewerbe- und Industriekunden nutzen den Strom, der durch ungef\u00e4hr 36.000 [&hellip;]","og_url":"https:\/\/az-elektro-baumgart.de\/de\/das-stromnetz-sicher-nutzen\/","og_site_name":"A-Z Elektro","article_modified_time":"2022-07-21T14:15:27+00:00","twitter_card":"summary_large_image","twitter_misc":{"Gesch\u00e4tzte Lesezeit":"3\u00a0Minuten"},"schema":{"@context":"https:\/\/schema.org","@graph":[{"@type":"WebPage","@id":"https:\/\/az-elektro-baumgart.de\/das-stromnetz-sicher-nutzen\/","url":"https:\/\/az-elektro-baumgart.de\/das-stromnetz-sicher-nutzen\/","name":"Das Stromnetz sicher nutzen - A-Z Elektro","isPartOf":{"@id":"https:\/\/az-elektro-baumgart.de\/#website"},"datePublished":"2022-07-21T14:12:14+00:00","dateModified":"2022-07-21T14:15:27+00:00","breadcrumb":{"@id":"https:\/\/az-elektro-baumgart.de\/das-stromnetz-sicher-nutzen\/#breadcrumb"},"inLanguage":"de","potentialAction":[{"@type":"ReadAction","target":["https:\/\/az-elektro-baumgart.de\/das-stromnetz-sicher-nutzen\/"]}]},{"@type":"BreadcrumbList","@id":"https:\/\/az-elektro-baumgart.de\/das-stromnetz-sicher-nutzen\/#breadcrumb","itemListElement":[{"@type":"ListItem","position":1,"name":"Startseite","item":"https:\/\/az-elektro-baumgart.de\/"},{"@type":"ListItem","position":2,"name":"Das Stromnetz sicher nutzen"}]},{"@type":"WebSite","@id":"https:\/\/az-elektro-baumgart.de\/#website","url":"https:\/\/az-elektro-baumgart.de\/","name":"A-Z Elektro","description":"Ihr Meisterbetrieb in Berlin","publisher":{"@id":"https:\/\/az-elektro-baumgart.de\/#organization"},"potentialAction":[{"@type":"SearchAction","target":{"@type":"EntryPoint","urlTemplate":"https:\/\/az-elektro-baumgart.de\/?s={search_term_string}"},"query-input":"required name=search_term_string"}],"inLanguage":"de"},{"@type":"Organization","@id":"https:\/\/az-elektro-baumgart.de\/#organization","name":"A-Z Elektro GmbH","url":"https:\/\/az-elektro-baumgart.de\/","logo":{"@type":"ImageObject","inLanguage":"de","@id":"https:\/\/az-elektro-baumgart.de\/#\/schema\/logo\/image\/","url":"https:\/\/az-e.hosting142194.a2e19.netcup.net\/wp-content\/uploads\/2021\/05\/cropped-Web-PNG-1-1.png","contentUrl":"https:\/\/az-e.hosting142194.a2e19.netcup.net\/wp-content\/uploads\/2021\/05\/cropped-Web-PNG-1-1.png","width":2000,"height":288,"caption":"A-Z Elektro GmbH"},"image":{"@id":"https:\/\/az-elektro-baumgart.de\/#\/schema\/logo\/image\/"}}]}},"_links":{"self":[{"href":"https:\/\/az-elektro-baumgart.de\/de\/wp-json\/wp\/v2\/pages\/483","targetHints":{"allow":["GET"]}}],"collection":[{"href":"https:\/\/az-elektro-baumgart.de\/de\/wp-json\/wp\/v2\/pages"}],"about":[{"href":"https:\/\/az-elektro-baumgart.de\/de\/wp-json\/wp\/v2\/types\/page"}],"author":[{"embeddable":true,"href":"https:\/\/az-elektro-baumgart.de\/de\/wp-json\/wp\/v2\/users\/2"}],"replies":[{"embeddable":true,"href":"https:\/\/az-elektro-baumgart.de\/de\/wp-json\/wp\/v2\/comments?post=483"}],"version-history":[{"count":2,"href":"https:\/\/az-elektro-baumgart.de\/de\/wp-json\/wp\/v2\/pages\/483\/revisions"}],"predecessor-version":[{"id":488,"href":"https:\/\/az-elektro-baumgart.de\/de\/wp-json\/wp\/v2\/pages\/483\/revisions\/488"}],"wp:attachment":[{"href":"https:\/\/az-elektro-baumgart.de\/de\/wp-json\/wp\/v2\/media?parent=483"}],"curies":[{"name":"wp","href":"https:\/\/api.w.org\/{rel}","templated":true}]}}