{"id":145,"date":"2021-05-13T19:12:46","date_gmt":"2021-05-13T19:12:46","guid":{"rendered":"https:\/\/az-elektro-baumgart.de\/?page_id=145"},"modified":"2022-09-05T11:42:27","modified_gmt":"2022-09-05T11:42:27","slug":"impressum","status":"publish","type":"page","link":"https:\/\/az-elektro-baumgart.de\/de\/impressum\/","title":{"rendered":"Impressum"},"content":{"rendered":"\n<h1 class=\"wp-block-heading\">Angaben gem\u00e4\u00df \u00a7 5 TMG<\/h1>\n\n\n\n<p>A-Z Elektro GmbH<br>Falkenhausenweg, 17e<br>12249 Berlin<\/p>\n\n\n\n<h1 class=\"wp-block-heading\">Vertreten durch<\/h1>\n\n\n\n<p>Dirk Baumgart (Gesch\u00e4ftsf\u00fchrer)<\/p>\n\n\n\n<h1 class=\"wp-block-heading\">Kontakt<\/h1>\n\n\n\n<figure class=\"wp-block-table\"><table><tbody><tr><td>Telefon:<\/td><td>&nbsp;&nbsp;&nbsp;+49 30 7680 3322<\/td><\/tr><tr><td>E-Mail:<\/td><td>&nbsp;&nbsp;&nbsp;post@az-elektro-baumgart.de<\/td><\/tr><\/tbody><\/table><\/figure>\n\n\n\n<h1 class=\"wp-block-heading\">Registereintrag<\/h1>\n\n\n\n<p>Eintragung im Handelsregister.<br>Registergericht: Amtsgericht Berlin-Charlottenburg<br>Registernummer: HRB 162405 B<\/p>\n\n\n\n<h1 class=\"wp-block-heading\">Umsatzsteuer-ID<\/h1>\n\n\n\n<p>Umsatzsteuer-Identifikationsnummer gem\u00e4\u00df \u00a727a Umsatzsteuergesetz<br>DE297011852<\/p>\n\n\n\n<h1 class=\"wp-block-heading\">Aufsichtsbeh\u00f6rde<\/h1>\n\n\n\n<p>Handwerkskammer Berlin<\/p>\n\n\n\n<p>Berufsbezeichnung: Meister im Elektrotechnikerhandwerk<br>Zust\u00e4ndige Kammer: Handwerkskammer Berlin<br>Verliehen durch: Handwerkskammer Berlin<\/p>\n\n\n\n<hr class=\"wp-block-separator has-css-opacity\"\/>\n\n\n\n<h1 class=\"wp-block-heading\">Haftungsausschluss (Disclaimer)<\/h1>\n\n\n\n<h1 class=\"wp-block-heading\">Haftung f\u00fcr Inhalte<\/h1>\n\n\n\n<p>Als Diensteanbieter sind wir gem\u00e4\u00df \u00a7 7 Abs.1 TMG f\u00fcr eigene Inhalte auf diesen Seiten nach den allgemeinen Gesetzen verantwortlich. Nach \u00a7\u00a7 8 bis 10 TMG sind wir als Diensteanbieter jedoch nicht verpflichtet, \u00fcbermittelte oder gespeicherte fremde Informationen zu \u00fcberwachen oder nach Umst\u00e4nden zu forschen, die auf eine rechtswidrige T\u00e4tigkeit hinweisen. Verpflichtungen zur Entfernung oder Sperrung der Nutzung von Informationen nach den allgemeinen Gesetzen bleiben hiervon unber\u00fchrt. Eine diesbez\u00fcgliche Haftung ist jedoch erst ab dem Zeitpunkt der Kenntnis einer konkreten Rechtsverletzung m\u00f6glich. Bei Bekanntwerden von entsprechenden Rechtsverletzungen werden wir diese Inhalte umgehend entfernen.<\/p>\n\n\n\n<h1 class=\"wp-block-heading\">Haftung f\u00fcr Links<\/h1>\n\n\n\n<p>Unser Angebot enth\u00e4lt Links zu externen Webseiten Dritter, auf deren Inhalte wir keinen Einfluss haben. Deshalb k\u00f6nnen wir f\u00fcr diese fremden Inhalte auch keine Gew\u00e4hr \u00fcbernehmen. F\u00fcr die Inhalte der verlinkten Seiten ist stets der jeweilige Anbieter oder Betreiber der Seiten verantwortlich. Die verlinkten Seiten wurden zum Zeitpunkt der Verlinkung auf m\u00f6gliche Rechtsverst\u00f6\u00dfe \u00fcberpr\u00fcft. Rechtswidrige Inhalte waren zum Zeitpunkt der Verlinkung nicht erkennbar.<br>Eine permanente inhaltliche Kontrolle der verlinkten Seiten ist jedoch ohne konkrete Anhaltspunkte einer Rechtsverletzung nicht zumutbar. Bei Bekanntwerden von Rechtsverletzungen werden wir derartige Links umgehend entfernen.<\/p>\n\n\n\n<h1 class=\"wp-block-heading\">Urheberrecht<\/h1>\n\n\n\n<p>Die durch die Seitenbetreiber erstellten Inhalte und Werke auf diesen Seiten unterliegen dem deutschen Urheberrecht. Die Vervielf\u00e4ltigung, Bearbeitung, Verbreitung und jede Art der Verwertung au\u00dferhalb der Grenzen des Urheberrechtes bed\u00fcrfen der schriftlichen Zustimmung des jeweiligen Autors bzw. Erstellers. Downloads und Kopien dieser Seite sind nur f\u00fcr den privaten, nicht kommerziellen Gebrauch gestattet.<br>Soweit die Inhalte auf dieser Seite nicht vom Betreiber erstellt wurden, werden die Urheberrechte Dritter beachtet. Insbesondere werden Inhalte Dritter als solche gekennzeichnet. Sollten Sie trotzdem auf eine Urheberrechtsverletzung aufmerksam werden, bitten wir um einen entsprechenden Hinweis. Bei Bekanntwerden von Rechtsverletzungen werden wir derartige Inhalte umgehend entfernen.<\/p>\n","protected":false},"excerpt":{"rendered":"<p>Angaben gem\u00e4\u00df \u00a7 5 TMG A-Z Elektro GmbHFalkenhausenweg, 17e12249 Berlin Vertreten durch Dirk Baumgart (Gesch\u00e4ftsf\u00fchrer) Kontakt Telefon: &nbsp;&nbsp;&nbsp;+49 30 7680 3322 E-Mail: &nbsp;&nbsp;&nbsp;post@az-elektro-baumgart.de Registereintrag Eintragung im Handelsregister.Registergericht: Amtsgericht Berlin-CharlottenburgRegisternummer: HRB 162405 B Umsatzsteuer-ID Umsatzsteuer-Identifikationsnummer gem\u00e4\u00df \u00a727a UmsatzsteuergesetzDE297011852 Aufsichtsbeh\u00f6rde Handwerkskammer Berlin Berufsbezeichnung: Meister im ElektrotechnikerhandwerkZust\u00e4ndige Kammer: Handwerkskammer BerlinVerliehen durch: Handwerkskammer Berlin [&hellip;]<\/p>\n","protected":false},"author":1,"featured_media":0,"parent":0,"menu_order":0,"comment_status":"closed","ping_status":"closed","template":"","meta":{"footnotes":""},"class_list":["post-145","page","type-page","status-publish","hentry"],"yoast_head":"<!-- This site is optimized with the Yoast SEO plugin v19.12 - https:\/\/yoast.com\/wordpress\/plugins\/seo\/ -->\n<title>Impressum - A-Z Elektro | Mehr erfahren<\/title>\n<meta name=\"description\" content=\"Hier finden Sie unser Impressum. Bei Fragen stehen wir Ihnen gerne jederzeit zur Verf\u00fcgung. Jetzt informieren!\" \/>\n<meta name=\"robots\" content=\"index, follow, max-snippet:-1, max-image-preview:large, max-video-preview:-1\" \/>\n<link rel=\"canonical\" href=\"https:\/\/az-elektro-baumgart.de\/de\/impressum\/\" \/>\n<meta property=\"og:locale\" content=\"de_DE\" \/>\n<meta property=\"og:type\" content=\"article\" \/>\n<meta property=\"og:title\" content=\"Impressum - A-Z Elektro | Mehr erfahren\" \/>\n<meta property=\"og:description\" content=\"Hier finden Sie unser Impressum. Bei Fragen stehen wir Ihnen gerne jederzeit zur Verf\u00fcgung. Jetzt informieren!\" \/>\n<meta property=\"og:url\" content=\"https:\/\/az-elektro-baumgart.de\/de\/impressum\/\" \/>\n<meta property=\"og:site_name\" content=\"A-Z Elektro\" \/>\n<meta property=\"article:modified_time\" content=\"2022-09-05T11:42:27+00:00\" \/>\n<meta name=\"twitter:card\" content=\"summary_large_image\" \/>\n<meta name=\"twitter:label1\" content=\"Gesch\u00e4tzte Lesezeit\" \/>\n\t<meta name=\"twitter:data1\" content=\"2\u00a0Minuten\" \/>\n<script type=\"application\/ld+json\" class=\"yoast-schema-graph\">{\"@context\":\"https:\/\/schema.org\",\"@graph\":[{\"@type\":\"WebPage\",\"@id\":\"https:\/\/az-elektro-baumgart.de\/impressum\/\",\"url\":\"https:\/\/az-elektro-baumgart.de\/impressum\/\",\"name\":\"Impressum - A-Z Elektro | Mehr erfahren\",\"isPartOf\":{\"@id\":\"https:\/\/az-elektro-baumgart.de\/#website\"},\"datePublished\":\"2021-05-13T19:12:46+00:00\",\"dateModified\":\"2022-09-05T11:42:27+00:00\",\"description\":\"Hier finden Sie unser Impressum. Bei Fragen stehen wir Ihnen gerne jederzeit zur Verf\u00fcgung. Jetzt informieren!\",\"breadcrumb\":{\"@id\":\"https:\/\/az-elektro-baumgart.de\/impressum\/#breadcrumb\"},\"inLanguage\":\"de\",\"potentialAction\":[{\"@type\":\"ReadAction\",\"target\":[\"https:\/\/az-elektro-baumgart.de\/impressum\/\"]}]},{\"@type\":\"BreadcrumbList\",\"@id\":\"https:\/\/az-elektro-baumgart.de\/impressum\/#breadcrumb\",\"itemListElement\":[{\"@type\":\"ListItem\",\"position\":1,\"name\":\"Startseite\",\"item\":\"https:\/\/az-elektro-baumgart.de\/\"},{\"@type\":\"ListItem\",\"position\":2,\"name\":\"Impressum\"}]},{\"@type\":\"WebSite\",\"@id\":\"https:\/\/az-elektro-baumgart.de\/#website\",\"url\":\"https:\/\/az-elektro-baumgart.de\/\",\"name\":\"A-Z Elektro\",\"description\":\"Ihr Meisterbetrieb in Berlin\",\"publisher\":{\"@id\":\"https:\/\/az-elektro-baumgart.de\/#organization\"},\"potentialAction\":[{\"@type\":\"SearchAction\",\"target\":{\"@type\":\"EntryPoint\",\"urlTemplate\":\"https:\/\/az-elektro-baumgart.de\/?s={search_term_string}\"},\"query-input\":\"required name=search_term_string\"}],\"inLanguage\":\"de\"},{\"@type\":\"Organization\",\"@id\":\"https:\/\/az-elektro-baumgart.de\/#organization\",\"name\":\"A-Z Elektro GmbH\",\"url\":\"https:\/\/az-elektro-baumgart.de\/\",\"logo\":{\"@type\":\"ImageObject\",\"inLanguage\":\"de\",\"@id\":\"https:\/\/az-elektro-baumgart.de\/#\/schema\/logo\/image\/\",\"url\":\"https:\/\/az-e.hosting142194.a2e19.netcup.net\/wp-content\/uploads\/2021\/05\/cropped-Web-PNG-1-1.png\",\"contentUrl\":\"https:\/\/az-e.hosting142194.a2e19.netcup.net\/wp-content\/uploads\/2021\/05\/cropped-Web-PNG-1-1.png\",\"width\":2000,\"height\":288,\"caption\":\"A-Z Elektro GmbH\"},\"image\":{\"@id\":\"https:\/\/az-elektro-baumgart.de\/#\/schema\/logo\/image\/\"}}]}<\/script>\n<!-- \/ Yoast SEO plugin. -->","yoast_head_json":{"title":"Impressum - A-Z Elektro | Mehr erfahren","description":"Hier finden Sie unser Impressum. Bei Fragen stehen wir Ihnen gerne jederzeit zur Verf\u00fcgung. Jetzt informieren!","robots":{"index":"index","follow":"follow","max-snippet":"max-snippet:-1","max-image-preview":"max-image-preview:large","max-video-preview":"max-video-preview:-1"},"canonical":"https:\/\/az-elektro-baumgart.de\/de\/impressum\/","og_locale":"de_DE","og_type":"article","og_title":"Impressum - A-Z Elektro | Mehr erfahren","og_description":"Hier finden Sie unser Impressum. Bei Fragen stehen wir Ihnen gerne jederzeit zur Verf\u00fcgung. Jetzt informieren!","og_url":"https:\/\/az-elektro-baumgart.de\/de\/impressum\/","og_site_name":"A-Z Elektro","article_modified_time":"2022-09-05T11:42:27+00:00","twitter_card":"summary_large_image","twitter_misc":{"Gesch\u00e4tzte Lesezeit":"2\u00a0Minuten"},"schema":{"@context":"https:\/\/schema.org","@graph":[{"@type":"WebPage","@id":"https:\/\/az-elektro-baumgart.de\/impressum\/","url":"https:\/\/az-elektro-baumgart.de\/impressum\/","name":"Impressum - A-Z Elektro | Mehr erfahren","isPartOf":{"@id":"https:\/\/az-elektro-baumgart.de\/#website"},"datePublished":"2021-05-13T19:12:46+00:00","dateModified":"2022-09-05T11:42:27+00:00","description":"Hier finden Sie unser Impressum. Bei Fragen stehen wir Ihnen gerne jederzeit zur Verf\u00fcgung. Jetzt informieren!","breadcrumb":{"@id":"https:\/\/az-elektro-baumgart.de\/impressum\/#breadcrumb"},"inLanguage":"de","potentialAction":[{"@type":"ReadAction","target":["https:\/\/az-elektro-baumgart.de\/impressum\/"]}]},{"@type":"BreadcrumbList","@id":"https:\/\/az-elektro-baumgart.de\/impressum\/#breadcrumb","itemListElement":[{"@type":"ListItem","position":1,"name":"Startseite","item":"https:\/\/az-elektro-baumgart.de\/"},{"@type":"ListItem","position":2,"name":"Impressum"}]},{"@type":"WebSite","@id":"https:\/\/az-elektro-baumgart.de\/#website","url":"https:\/\/az-elektro-baumgart.de\/","name":"A-Z Elektro","description":"Ihr Meisterbetrieb in Berlin","publisher":{"@id":"https:\/\/az-elektro-baumgart.de\/#organization"},"potentialAction":[{"@type":"SearchAction","target":{"@type":"EntryPoint","urlTemplate":"https:\/\/az-elektro-baumgart.de\/?s={search_term_string}"},"query-input":"required name=search_term_string"}],"inLanguage":"de"},{"@type":"Organization","@id":"https:\/\/az-elektro-baumgart.de\/#organization","name":"A-Z Elektro GmbH","url":"https:\/\/az-elektro-baumgart.de\/","logo":{"@type":"ImageObject","inLanguage":"de","@id":"https:\/\/az-elektro-baumgart.de\/#\/schema\/logo\/image\/","url":"https:\/\/az-e.hosting142194.a2e19.netcup.net\/wp-content\/uploads\/2021\/05\/cropped-Web-PNG-1-1.png","contentUrl":"https:\/\/az-e.hosting142194.a2e19.netcup.net\/wp-content\/uploads\/2021\/05\/cropped-Web-PNG-1-1.png","width":2000,"height":288,"caption":"A-Z Elektro GmbH"},"image":{"@id":"https:\/\/az-elektro-baumgart.de\/#\/schema\/logo\/image\/"}}]}},"_links":{"self":[{"href":"https:\/\/az-elektro-baumgart.de\/de\/wp-json\/wp\/v2\/pages\/145","targetHints":{"allow":["GET"]}}],"collection":[{"href":"https:\/\/az-elektro-baumgart.de\/de\/wp-json\/wp\/v2\/pages"}],"about":[{"href":"https:\/\/az-elektro-baumgart.de\/de\/wp-json\/wp\/v2\/types\/page"}],"author":[{"embeddable":true,"href":"https:\/\/az-elektro-baumgart.de\/de\/wp-json\/wp\/v2\/users\/1"}],"replies":[{"embeddable":true,"href":"https:\/\/az-elektro-baumgart.de\/de\/wp-json\/wp\/v2\/comments?post=145"}],"version-history":[{"count":4,"href":"https:\/\/az-elektro-baumgart.de\/de\/wp-json\/wp\/v2\/pages\/145\/revisions"}],"predecessor-version":[{"id":480,"href":"https:\/\/az-elektro-baumgart.de\/de\/wp-json\/wp\/v2\/pages\/145\/revisions\/480"}],"wp:attachment":[{"href":"https:\/\/az-elektro-baumgart.de\/de\/wp-json\/wp\/v2\/media?parent=145"}],"curies":[{"name":"wp","href":"https:\/\/api.w.org\/{rel}","templated":true}]}}